{"id":3263,"date":"2025-01-05T12:08:41","date_gmt":"2025-01-05T12:08:41","guid":{"rendered":"https:\/\/hoteldistrib.al\/?post_type=product&#038;p=3263"},"modified":"2025-01-05T12:08:41","modified_gmt":"2025-01-05T12:08:41","slug":"peshqir-trupi-140x70-cm-pesha-500g","status":"publish","type":"product","link":"https:\/\/hoteldistrib.al\/?product=peshqir-trupi-140x70-cm-pesha-500g","title":{"rendered":"Peshqir trupi 140&#215;70 cm, pesha 500g"},"content":{"rendered":"<p>Peshqir praktik p\u00ebr hotele, dimensione 140&#215;70 cm, pesha 500g, dizajn elegant dhe funksional.<\/p>\n","protected":false},"excerpt":{"rendered":"<p>Peshqir hotelerie 140&#215;70 cm, pesha 500g, cil\u00ebsi e lart\u00eb p\u00ebr rehati dhe q\u00ebndrueshm\u00ebri.<\/p>\n","protected":false},"featured_media":3259,"comment_status":"open","ping_status":"closed","template":"","meta":[],"product_brand":[],"product_cat":[80,79],"product_tag":[96,93],"class_list":{"0":"post-3263","1":"product","2":"type-product","3":"status-publish","4":"has-post-thumbnail","6":"product_cat-peshqire","7":"product_cat-tekstile-per-hotel","8":"product_tag-pesha-500g","9":"product_tag-peshqir-trupi-140x70-cm","11":"first","12":"instock","13":"shipping-taxable","14":"product-type-simple"},"_links":{"self":[{"href":"https:\/\/hoteldistrib.al\/index.php?rest_route=\/wp\/v2\/product\/3263","targetHints":{"allow":["GET"]}}],"collection":[{"href":"https:\/\/hoteldistrib.al\/index.php?rest_route=\/wp\/v2\/product"}],"about":[{"href":"https:\/\/hoteldistrib.al\/index.php?rest_route=\/wp\/v2\/types\/product"}],"replies":[{"embeddable":true,"href":"https:\/\/hoteldistrib.al\/index.php?rest_route=%2Fwp%2Fv2%2Fcomments&post=3263"}],"wp:featuredmedia":[{"embeddable":true,"href":"https:\/\/hoteldistrib.al\/index.php?rest_route=\/wp\/v2\/media\/3259"}],"wp:attachment":[{"href":"https:\/\/hoteldistrib.al\/index.php?rest_route=%2Fwp%2Fv2%2Fmedia&parent=3263"}],"wp:term":[{"taxonomy":"product_brand","embeddable":true,"href":"https:\/\/hoteldistrib.al\/index.php?rest_route=%2Fwp%2Fv2%2Fproduct_brand&post=3263"},{"taxonomy":"product_cat","embeddable":true,"href":"https:\/\/hoteldistrib.al\/index.php?rest_route=%2Fwp%2Fv2%2Fproduct_cat&post=3263"},{"taxonomy":"product_tag","embeddable":true,"href":"https:\/\/hoteldistrib.al\/index.php?rest_route=%2Fwp%2Fv2%2Fproduct_tag&post=3263"}],"curies":[{"name":"wp","href":"https:\/\/api.w.org\/{rel}","templated":true}]}}