{"id":3265,"date":"2025-01-05T12:10:20","date_gmt":"2025-01-05T12:10:20","guid":{"rendered":"https:\/\/hoteldistrib.al\/?post_type=product&#038;p=3265"},"modified":"2025-01-05T12:10:21","modified_gmt":"2025-01-05T12:10:21","slug":"peshqir-fytyre-90x50-cm-pesha-230g","status":"publish","type":"product","link":"https:\/\/hoteldistrib.al\/?product=peshqir-fytyre-90x50-cm-pesha-230g","title":{"rendered":"Peshqir fytyre 90&#215;50 cm, pesha 230g"},"content":{"rendered":"<p>Peshqir fytyre ekonomik, 90&#215;50 cm, pesha 230g, dizajnuar p\u00ebr hotele dhe apartamente.<\/p>\n","protected":false},"excerpt":{"rendered":"<p>Peshqir\u00eb fytyre hotelerie, 90&#215;50 cm, pesha 230g, cil\u00ebsi dhe kosto efektive p\u00ebr bizneset.<\/p>\n","protected":false},"featured_media":0,"comment_status":"open","ping_status":"closed","template":"","meta":[],"product_brand":[],"product_cat":[80,79],"product_tag":[],"class_list":{"0":"post-3265","1":"product","2":"type-product","3":"status-publish","5":"product_cat-peshqire","6":"product_cat-tekstile-per-hotel","8":"first","9":"instock","10":"shipping-taxable","11":"product-type-simple"},"_links":{"self":[{"href":"https:\/\/hoteldistrib.al\/index.php?rest_route=\/wp\/v2\/product\/3265","targetHints":{"allow":["GET"]}}],"collection":[{"href":"https:\/\/hoteldistrib.al\/index.php?rest_route=\/wp\/v2\/product"}],"about":[{"href":"https:\/\/hoteldistrib.al\/index.php?rest_route=\/wp\/v2\/types\/product"}],"replies":[{"embeddable":true,"href":"https:\/\/hoteldistrib.al\/index.php?rest_route=%2Fwp%2Fv2%2Fcomments&post=3265"}],"wp:attachment":[{"href":"https:\/\/hoteldistrib.al\/index.php?rest_route=%2Fwp%2Fv2%2Fmedia&parent=3265"}],"wp:term":[{"taxonomy":"product_brand","embeddable":true,"href":"https:\/\/hoteldistrib.al\/index.php?rest_route=%2Fwp%2Fv2%2Fproduct_brand&post=3265"},{"taxonomy":"product_cat","embeddable":true,"href":"https:\/\/hoteldistrib.al\/index.php?rest_route=%2Fwp%2Fv2%2Fproduct_cat&post=3265"},{"taxonomy":"product_tag","embeddable":true,"href":"https:\/\/hoteldistrib.al\/index.php?rest_route=%2Fwp%2Fv2%2Fproduct_tag&post=3265"}],"curies":[{"name":"wp","href":"https:\/\/api.w.org\/{rel}","templated":true}]}}