{"id":3278,"date":"2025-01-05T12:18:52","date_gmt":"2025-01-05T12:18:52","guid":{"rendered":"https:\/\/hoteldistrib.al\/?post_type=product&#038;p=3278"},"modified":"2025-01-05T12:18:52","modified_gmt":"2025-01-05T12:18:52","slug":"jorgan-me-mikrofibra-dopjo-dhe-tek","status":"publish","type":"product","link":"https:\/\/hoteldistrib.al\/?product=jorgan-me-mikrofibra-dopjo-dhe-tek","title":{"rendered":"Jorgan me mikrofibra (dopjo dhe tek)"},"content":{"rendered":"<p>Jorgan me mikrofibra t\u00eb buta dhe t\u00eb lehta, ideale p\u00ebr hotele.<\/p>\n","protected":false},"excerpt":{"rendered":"<p>Jorgan me mikrofibra t\u00eb buta dhe t\u00eb lehta, ideale p\u00ebr hotele.<\/p>\n","protected":false},"featured_media":0,"comment_status":"open","ping_status":"closed","template":"","meta":[],"product_brand":[],"product_cat":[36],"product_tag":[109],"class_list":{"0":"post-3278","1":"product","2":"type-product","3":"status-publish","5":"product_cat-uncategorized","6":"product_tag-jorgan-me-mikrofibra-dopjo-dhe-tek","8":"first","9":"instock","10":"featured","11":"shipping-taxable","12":"product-type-simple"},"_links":{"self":[{"href":"https:\/\/hoteldistrib.al\/index.php?rest_route=\/wp\/v2\/product\/3278","targetHints":{"allow":["GET"]}}],"collection":[{"href":"https:\/\/hoteldistrib.al\/index.php?rest_route=\/wp\/v2\/product"}],"about":[{"href":"https:\/\/hoteldistrib.al\/index.php?rest_route=\/wp\/v2\/types\/product"}],"replies":[{"embeddable":true,"href":"https:\/\/hoteldistrib.al\/index.php?rest_route=%2Fwp%2Fv2%2Fcomments&post=3278"}],"wp:attachment":[{"href":"https:\/\/hoteldistrib.al\/index.php?rest_route=%2Fwp%2Fv2%2Fmedia&parent=3278"}],"wp:term":[{"taxonomy":"product_brand","embeddable":true,"href":"https:\/\/hoteldistrib.al\/index.php?rest_route=%2Fwp%2Fv2%2Fproduct_brand&post=3278"},{"taxonomy":"product_cat","embeddable":true,"href":"https:\/\/hoteldistrib.al\/index.php?rest_route=%2Fwp%2Fv2%2Fproduct_cat&post=3278"},{"taxonomy":"product_tag","embeddable":true,"href":"https:\/\/hoteldistrib.al\/index.php?rest_route=%2Fwp%2Fv2%2Fproduct_tag&post=3278"}],"curies":[{"name":"wp","href":"https:\/\/api.w.org\/{rel}","templated":true}]}}