{"id":3291,"date":"2025-01-05T12:27:09","date_gmt":"2025-01-05T12:27:09","guid":{"rendered":"https:\/\/hoteldistrib.al\/?post_type=product&#038;p=3291"},"modified":"2025-01-08T20:03:12","modified_gmt":"2025-01-08T20:03:12","slug":"kapak-filxhani","status":"publish","type":"product","link":"https:\/\/hoteldistrib.al\/?product=kapak-filxhani","title":{"rendered":"Kapak filxhani"},"content":{"rendered":"<p>Kapak\u00eb higjienik\u00eb dhe t\u00eb p\u00ebrshtatsh\u00ebm p\u00ebr filxhan\u00ebt n\u00eb hotele.<\/p>\n","protected":false},"excerpt":{"rendered":"<p>Kapak\u00eb higjienik\u00eb dhe t\u00eb p\u00ebrshtatsh\u00ebm p\u00ebr filxhan\u00ebt n\u00eb hotele.<\/p>\n","protected":false},"featured_media":3317,"comment_status":"open","ping_status":"closed","template":"","meta":[],"product_brand":[],"product_cat":[87],"product_tag":[118],"class_list":{"0":"post-3291","1":"product","2":"type-product","3":"status-publish","4":"has-post-thumbnail","6":"product_cat-restorant","7":"product_tag-kapak-filxhani","9":"first","10":"instock","11":"featured","12":"shipping-taxable","13":"product-type-simple"},"_links":{"self":[{"href":"https:\/\/hoteldistrib.al\/index.php?rest_route=\/wp\/v2\/product\/3291","targetHints":{"allow":["GET"]}}],"collection":[{"href":"https:\/\/hoteldistrib.al\/index.php?rest_route=\/wp\/v2\/product"}],"about":[{"href":"https:\/\/hoteldistrib.al\/index.php?rest_route=\/wp\/v2\/types\/product"}],"replies":[{"embeddable":true,"href":"https:\/\/hoteldistrib.al\/index.php?rest_route=%2Fwp%2Fv2%2Fcomments&post=3291"}],"wp:featuredmedia":[{"embeddable":true,"href":"https:\/\/hoteldistrib.al\/index.php?rest_route=\/wp\/v2\/media\/3317"}],"wp:attachment":[{"href":"https:\/\/hoteldistrib.al\/index.php?rest_route=%2Fwp%2Fv2%2Fmedia&parent=3291"}],"wp:term":[{"taxonomy":"product_brand","embeddable":true,"href":"https:\/\/hoteldistrib.al\/index.php?rest_route=%2Fwp%2Fv2%2Fproduct_brand&post=3291"},{"taxonomy":"product_cat","embeddable":true,"href":"https:\/\/hoteldistrib.al\/index.php?rest_route=%2Fwp%2Fv2%2Fproduct_cat&post=3291"},{"taxonomy":"product_tag","embeddable":true,"href":"https:\/\/hoteldistrib.al\/index.php?rest_route=%2Fwp%2Fv2%2Fproduct_tag&post=3291"}],"curies":[{"name":"wp","href":"https:\/\/api.w.org\/{rel}","templated":true}]}}