{"id":3312,"date":"2025-01-08T19:25:16","date_gmt":"2025-01-08T19:25:16","guid":{"rendered":"https:\/\/hoteldistrib.al\/?post_type=product&#038;p=3312"},"modified":"2025-01-08T20:04:43","modified_gmt":"2025-01-08T20:04:43","slug":"pjata-te-ndryshme","status":"publish","type":"product","link":"https:\/\/hoteldistrib.al\/?product=pjata-te-ndryshme","title":{"rendered":"Pjata t\u00eb ndryshme"},"content":{"rendered":"<p>Pjata t\u00eb ndryshme n\u00eb dizajne moderne dhe klasike, t\u00eb p\u00ebrshtatshme p\u00ebr restorante dhe hotele, ideale p\u00ebr \u00e7do lloj servirjeje.<\/p>\n","protected":false},"excerpt":{"rendered":"<p>Pjata t\u00eb ndryshme n\u00eb dizajne moderne dhe klasike, t\u00eb p\u00ebrshtatshme p\u00ebr restorante dhe hotele, ideale p\u00ebr \u00e7do lloj servirjeje.<\/p>\n","protected":false},"featured_media":3318,"comment_status":"open","ping_status":"closed","template":"","meta":[],"product_brand":[],"product_cat":[88,87],"product_tag":[119],"class_list":{"0":"post-3312","1":"product","2":"type-product","3":"status-publish","4":"has-post-thumbnail","6":"product_cat-pjata","7":"product_cat-restorant","8":"product_tag-pjata-te-ndryshme","10":"first","11":"instock","12":"shipping-taxable","13":"product-type-simple"},"_links":{"self":[{"href":"https:\/\/hoteldistrib.al\/index.php?rest_route=\/wp\/v2\/product\/3312","targetHints":{"allow":["GET"]}}],"collection":[{"href":"https:\/\/hoteldistrib.al\/index.php?rest_route=\/wp\/v2\/product"}],"about":[{"href":"https:\/\/hoteldistrib.al\/index.php?rest_route=\/wp\/v2\/types\/product"}],"replies":[{"embeddable":true,"href":"https:\/\/hoteldistrib.al\/index.php?rest_route=%2Fwp%2Fv2%2Fcomments&post=3312"}],"wp:featuredmedia":[{"embeddable":true,"href":"https:\/\/hoteldistrib.al\/index.php?rest_route=\/wp\/v2\/media\/3318"}],"wp:attachment":[{"href":"https:\/\/hoteldistrib.al\/index.php?rest_route=%2Fwp%2Fv2%2Fmedia&parent=3312"}],"wp:term":[{"taxonomy":"product_brand","embeddable":true,"href":"https:\/\/hoteldistrib.al\/index.php?rest_route=%2Fwp%2Fv2%2Fproduct_brand&post=3312"},{"taxonomy":"product_cat","embeddable":true,"href":"https:\/\/hoteldistrib.al\/index.php?rest_route=%2Fwp%2Fv2%2Fproduct_cat&post=3312"},{"taxonomy":"product_tag","embeddable":true,"href":"https:\/\/hoteldistrib.al\/index.php?rest_route=%2Fwp%2Fv2%2Fproduct_tag&post=3312"}],"curies":[{"name":"wp","href":"https:\/\/api.w.org\/{rel}","templated":true}]}}