{"id":3320,"date":"2025-01-08T20:06:34","date_gmt":"2025-01-08T20:06:34","guid":{"rendered":"https:\/\/hoteldistrib.al\/?post_type=product&#038;p=3320"},"modified":"2025-01-08T20:06:34","modified_gmt":"2025-01-08T20:06:34","slug":"sete-lugesh-dhe-pirunesh-te-ndryshem","status":"publish","type":"product","link":"https:\/\/hoteldistrib.al\/?product=sete-lugesh-dhe-pirunesh-te-ndryshem","title":{"rendered":"Sete lug\u00ebsh dhe pirun\u00ebsh t\u00eb ndrysh\u00ebm"},"content":{"rendered":"<p>Sete luksoze lug\u00ebsh dhe pirun\u00ebsh t\u00eb dizajnuara p\u00ebr p\u00ebrdorim hotelerie dhe restorantesh, me cil\u00ebsi dhe q\u00ebndrueshm\u00ebri maksimale.<\/p>\n","protected":false},"excerpt":{"rendered":"<p>Sete luksoze lug\u00ebsh dhe pirun\u00ebsh t\u00eb dizajnuara p\u00ebr p\u00ebrdorim hotelerie dhe restorantesh,  &#8230;<\/p>\n","protected":false},"featured_media":3321,"comment_status":"open","ping_status":"closed","template":"","meta":[],"product_brand":[],"product_cat":[89,87],"product_tag":[],"class_list":{"0":"post-3320","1":"product","2":"type-product","3":"status-publish","4":"has-post-thumbnail","6":"product_cat-luge-dhe-pirune","7":"product_cat-restorant","9":"first","10":"instock","11":"shipping-taxable","12":"product-type-simple"},"_links":{"self":[{"href":"https:\/\/hoteldistrib.al\/index.php?rest_route=\/wp\/v2\/product\/3320","targetHints":{"allow":["GET"]}}],"collection":[{"href":"https:\/\/hoteldistrib.al\/index.php?rest_route=\/wp\/v2\/product"}],"about":[{"href":"https:\/\/hoteldistrib.al\/index.php?rest_route=\/wp\/v2\/types\/product"}],"replies":[{"embeddable":true,"href":"https:\/\/hoteldistrib.al\/index.php?rest_route=%2Fwp%2Fv2%2Fcomments&post=3320"}],"wp:featuredmedia":[{"embeddable":true,"href":"https:\/\/hoteldistrib.al\/index.php?rest_route=\/wp\/v2\/media\/3321"}],"wp:attachment":[{"href":"https:\/\/hoteldistrib.al\/index.php?rest_route=%2Fwp%2Fv2%2Fmedia&parent=3320"}],"wp:term":[{"taxonomy":"product_brand","embeddable":true,"href":"https:\/\/hoteldistrib.al\/index.php?rest_route=%2Fwp%2Fv2%2Fproduct_brand&post=3320"},{"taxonomy":"product_cat","embeddable":true,"href":"https:\/\/hoteldistrib.al\/index.php?rest_route=%2Fwp%2Fv2%2Fproduct_cat&post=3320"},{"taxonomy":"product_tag","embeddable":true,"href":"https:\/\/hoteldistrib.al\/index.php?rest_route=%2Fwp%2Fv2%2Fproduct_tag&post=3320"}],"curies":[{"name":"wp","href":"https:\/\/api.w.org\/{rel}","templated":true}]}}