{"id":3322,"date":"2025-01-08T20:08:12","date_gmt":"2025-01-08T20:08:12","guid":{"rendered":"https:\/\/hoteldistrib.al\/?post_type=product&#038;p=3322"},"modified":"2025-01-09T21:22:34","modified_gmt":"2025-01-09T21:22:34","slug":"blender","status":"publish","type":"product","link":"https:\/\/hoteldistrib.al\/?product=blender","title":{"rendered":"Blender"},"content":{"rendered":"<p>Blender profesional p\u00ebr p\u00ebrgatitjen e koktejve, supave dhe l\u00ebngjeve. P\u00ebrshtatet p\u00ebr p\u00ebrdorim intensiv n\u00eb kuzhina profesionale.<\/p>\n","protected":false},"excerpt":{"rendered":"<p>Blender profesional p\u00ebr p\u00ebrgatitjen e koktejve, supave dhe l\u00ebngjeve. P\u00ebrshtatet p\u00ebr p\u00ebrdorim intensiv n\u00eb kuzhina profesionale.<\/p>\n","protected":false},"featured_media":3323,"comment_status":"open","ping_status":"closed","template":"","meta":[],"product_brand":[],"product_cat":[87],"product_tag":[121],"class_list":{"0":"post-3322","1":"product","2":"type-product","3":"status-publish","4":"has-post-thumbnail","6":"product_cat-restorant","7":"product_tag-blender","9":"first","10":"instock","11":"shipping-taxable","12":"product-type-simple"},"_links":{"self":[{"href":"https:\/\/hoteldistrib.al\/index.php?rest_route=\/wp\/v2\/product\/3322","targetHints":{"allow":["GET"]}}],"collection":[{"href":"https:\/\/hoteldistrib.al\/index.php?rest_route=\/wp\/v2\/product"}],"about":[{"href":"https:\/\/hoteldistrib.al\/index.php?rest_route=\/wp\/v2\/types\/product"}],"replies":[{"embeddable":true,"href":"https:\/\/hoteldistrib.al\/index.php?rest_route=%2Fwp%2Fv2%2Fcomments&post=3322"}],"wp:featuredmedia":[{"embeddable":true,"href":"https:\/\/hoteldistrib.al\/index.php?rest_route=\/wp\/v2\/media\/3323"}],"wp:attachment":[{"href":"https:\/\/hoteldistrib.al\/index.php?rest_route=%2Fwp%2Fv2%2Fmedia&parent=3322"}],"wp:term":[{"taxonomy":"product_brand","embeddable":true,"href":"https:\/\/hoteldistrib.al\/index.php?rest_route=%2Fwp%2Fv2%2Fproduct_brand&post=3322"},{"taxonomy":"product_cat","embeddable":true,"href":"https:\/\/hoteldistrib.al\/index.php?rest_route=%2Fwp%2Fv2%2Fproduct_cat&post=3322"},{"taxonomy":"product_tag","embeddable":true,"href":"https:\/\/hoteldistrib.al\/index.php?rest_route=%2Fwp%2Fv2%2Fproduct_tag&post=3322"}],"curies":[{"name":"wp","href":"https:\/\/api.w.org\/{rel}","templated":true}]}}