{"id":3330,"date":"2025-01-08T20:15:38","date_gmt":"2025-01-08T20:15:38","guid":{"rendered":"https:\/\/hoteldistrib.al\/?post_type=product&#038;p=3330"},"modified":"2025-01-08T20:15:38","modified_gmt":"2025-01-08T20:15:38","slug":"pjatanca-druri-per-pica","status":"publish","type":"product","link":"https:\/\/hoteldistrib.al\/?product=pjatanca-druri-per-pica","title":{"rendered":"Pjatanca druri p\u00ebr pica"},"content":{"rendered":"<p>Pjatanca t\u00eb forta dhe t\u00eb q\u00ebndrueshme prej druri, t\u00eb p\u00ebrshtatshme p\u00ebr servirjen e picave me stil.<\/p>\n","protected":false},"excerpt":{"rendered":"<p>Pjatanca t\u00eb forta dhe t\u00eb q\u00ebndrueshme prej druri, t\u00eb p\u00ebrshtatshme p\u00ebr servirjen e picave me stil.<\/p>\n","protected":false},"featured_media":0,"comment_status":"open","ping_status":"closed","template":"","meta":[],"product_brand":[],"product_cat":[87,120],"product_tag":[125],"class_list":{"0":"post-3330","1":"product","2":"type-product","3":"status-publish","5":"product_cat-restorant","6":"product_cat-te-tjera","7":"product_tag-pjatanca-druri-per-pica","9":"first","10":"instock","11":"shipping-taxable","12":"product-type-simple"},"_links":{"self":[{"href":"https:\/\/hoteldistrib.al\/index.php?rest_route=\/wp\/v2\/product\/3330","targetHints":{"allow":["GET"]}}],"collection":[{"href":"https:\/\/hoteldistrib.al\/index.php?rest_route=\/wp\/v2\/product"}],"about":[{"href":"https:\/\/hoteldistrib.al\/index.php?rest_route=\/wp\/v2\/types\/product"}],"replies":[{"embeddable":true,"href":"https:\/\/hoteldistrib.al\/index.php?rest_route=%2Fwp%2Fv2%2Fcomments&post=3330"}],"wp:attachment":[{"href":"https:\/\/hoteldistrib.al\/index.php?rest_route=%2Fwp%2Fv2%2Fmedia&parent=3330"}],"wp:term":[{"taxonomy":"product_brand","embeddable":true,"href":"https:\/\/hoteldistrib.al\/index.php?rest_route=%2Fwp%2Fv2%2Fproduct_brand&post=3330"},{"taxonomy":"product_cat","embeddable":true,"href":"https:\/\/hoteldistrib.al\/index.php?rest_route=%2Fwp%2Fv2%2Fproduct_cat&post=3330"},{"taxonomy":"product_tag","embeddable":true,"href":"https:\/\/hoteldistrib.al\/index.php?rest_route=%2Fwp%2Fv2%2Fproduct_tag&post=3330"}],"curies":[{"name":"wp","href":"https:\/\/api.w.org\/{rel}","templated":true}]}}