{"id":3331,"date":"2025-01-08T20:16:58","date_gmt":"2025-01-08T20:16:58","guid":{"rendered":"https:\/\/hoteldistrib.al\/?post_type=product&#038;p=3331"},"modified":"2025-01-08T20:20:32","modified_gmt":"2025-01-08T20:20:32","slug":"banjomari-per-mbajtjen-e-ushqimeve-te-ngrohta","status":"publish","type":"product","link":"https:\/\/hoteldistrib.al\/?product=banjomari-per-mbajtjen-e-ushqimeve-te-ngrohta","title":{"rendered":"Banjomari p\u00ebr mbajtjen e ushqimeve t\u00eb ngrohta"},"content":{"rendered":"<p>Pajisje profesionale p\u00ebr mbajtjen e ushqimeve t\u00eb ngrohta, t\u00eb p\u00ebrshtatshme p\u00ebr restorante dhe evente.<\/p>\n","protected":false},"excerpt":{"rendered":"<p>Pajisje profesionale p\u00ebr mbajtjen e ushqimeve t\u00eb ngrohta, t\u00eb p\u00ebrshtatshme p\u00ebr restorante dhe evente.<\/p>\n","protected":false},"featured_media":3332,"comment_status":"open","ping_status":"closed","template":"","meta":[],"product_brand":[],"product_cat":[87,120],"product_tag":[126],"class_list":{"0":"post-3331","1":"product","2":"type-product","3":"status-publish","4":"has-post-thumbnail","6":"product_cat-restorant","7":"product_cat-te-tjera","8":"product_tag-banjomari-per-mbajtjen-e-ushqimeve-te-ngrohta","10":"first","11":"instock","12":"featured","13":"shipping-taxable","14":"product-type-simple"},"_links":{"self":[{"href":"https:\/\/hoteldistrib.al\/index.php?rest_route=\/wp\/v2\/product\/3331","targetHints":{"allow":["GET"]}}],"collection":[{"href":"https:\/\/hoteldistrib.al\/index.php?rest_route=\/wp\/v2\/product"}],"about":[{"href":"https:\/\/hoteldistrib.al\/index.php?rest_route=\/wp\/v2\/types\/product"}],"replies":[{"embeddable":true,"href":"https:\/\/hoteldistrib.al\/index.php?rest_route=%2Fwp%2Fv2%2Fcomments&post=3331"}],"wp:featuredmedia":[{"embeddable":true,"href":"https:\/\/hoteldistrib.al\/index.php?rest_route=\/wp\/v2\/media\/3332"}],"wp:attachment":[{"href":"https:\/\/hoteldistrib.al\/index.php?rest_route=%2Fwp%2Fv2%2Fmedia&parent=3331"}],"wp:term":[{"taxonomy":"product_brand","embeddable":true,"href":"https:\/\/hoteldistrib.al\/index.php?rest_route=%2Fwp%2Fv2%2Fproduct_brand&post=3331"},{"taxonomy":"product_cat","embeddable":true,"href":"https:\/\/hoteldistrib.al\/index.php?rest_route=%2Fwp%2Fv2%2Fproduct_cat&post=3331"},{"taxonomy":"product_tag","embeddable":true,"href":"https:\/\/hoteldistrib.al\/index.php?rest_route=%2Fwp%2Fv2%2Fproduct_tag&post=3331"}],"curies":[{"name":"wp","href":"https:\/\/api.w.org\/{rel}","templated":true}]}}