{"id":3333,"date":"2025-01-08T20:18:05","date_gmt":"2025-01-08T20:18:05","guid":{"rendered":"https:\/\/hoteldistrib.al\/?post_type=product&#038;p=3333"},"modified":"2025-01-13T19:49:19","modified_gmt":"2025-01-13T19:49:19","slug":"kapse-sallatash","status":"publish","type":"product","link":"https:\/\/hoteldistrib.al\/?product=kapse-sallatash","title":{"rendered":"Kaps\u00eb sallatash"},"content":{"rendered":"<p>Kaps\u00eb praktike p\u00ebr servirjen e sallatave me leht\u00ebsi dhe eleganc\u00eb, ideale p\u00ebr p\u00ebrdorim profesional.<\/p>\n","protected":false},"excerpt":{"rendered":"<p>Kaps\u00eb praktike p\u00ebr servirjen e sallatave me leht\u00ebsi dhe eleganc\u00eb, ideale p\u00ebr p\u00ebrdorim profesional.<\/p>\n","protected":false},"featured_media":3334,"comment_status":"open","ping_status":"closed","template":"","meta":[],"product_brand":[],"product_cat":[87,120],"product_tag":[127],"class_list":{"0":"post-3333","1":"product","2":"type-product","3":"status-publish","4":"has-post-thumbnail","6":"product_cat-restorant","7":"product_cat-te-tjera","8":"product_tag-kapse-sallatash","10":"first","11":"instock","12":"featured","13":"shipping-taxable","14":"product-type-simple"},"_links":{"self":[{"href":"https:\/\/hoteldistrib.al\/index.php?rest_route=\/wp\/v2\/product\/3333","targetHints":{"allow":["GET"]}}],"collection":[{"href":"https:\/\/hoteldistrib.al\/index.php?rest_route=\/wp\/v2\/product"}],"about":[{"href":"https:\/\/hoteldistrib.al\/index.php?rest_route=\/wp\/v2\/types\/product"}],"replies":[{"embeddable":true,"href":"https:\/\/hoteldistrib.al\/index.php?rest_route=%2Fwp%2Fv2%2Fcomments&post=3333"}],"wp:featuredmedia":[{"embeddable":true,"href":"https:\/\/hoteldistrib.al\/index.php?rest_route=\/wp\/v2\/media\/3334"}],"wp:attachment":[{"href":"https:\/\/hoteldistrib.al\/index.php?rest_route=%2Fwp%2Fv2%2Fmedia&parent=3333"}],"wp:term":[{"taxonomy":"product_brand","embeddable":true,"href":"https:\/\/hoteldistrib.al\/index.php?rest_route=%2Fwp%2Fv2%2Fproduct_brand&post=3333"},{"taxonomy":"product_cat","embeddable":true,"href":"https:\/\/hoteldistrib.al\/index.php?rest_route=%2Fwp%2Fv2%2Fproduct_cat&post=3333"},{"taxonomy":"product_tag","embeddable":true,"href":"https:\/\/hoteldistrib.al\/index.php?rest_route=%2Fwp%2Fv2%2Fproduct_tag&post=3333"}],"curies":[{"name":"wp","href":"https:\/\/api.w.org\/{rel}","templated":true}]}}