{"id":3335,"date":"2025-01-08T20:19:29","date_gmt":"2025-01-08T20:19:29","guid":{"rendered":"https:\/\/hoteldistrib.al\/?post_type=product&#038;p=3335"},"modified":"2025-01-08T20:20:35","modified_gmt":"2025-01-08T20:20:35","slug":"lopate-picash","status":"publish","type":"product","link":"https:\/\/hoteldistrib.al\/?product=lopate-picash","title":{"rendered":"Lopat\u00eb picash"},"content":{"rendered":"<p>Lopat\u00eb profesionale p\u00ebr picat, me dizajn t\u00eb q\u00ebndruesh\u00ebm dhe leht\u00ebsi n\u00eb p\u00ebrdorim, e p\u00ebrshtatshme p\u00ebr furra dhe restorante.<\/p>\n","protected":false},"excerpt":{"rendered":"<p>Lopat\u00eb profesionale p\u00ebr picat, me dizajn t\u00eb q\u00ebndruesh\u00ebm dhe leht\u00ebsi n\u00eb p\u00ebrdorim,  &#8230;<\/p>\n","protected":false},"featured_media":3336,"comment_status":"open","ping_status":"closed","template":"","meta":[],"product_brand":[],"product_cat":[87,120],"product_tag":[128],"class_list":{"0":"post-3335","1":"product","2":"type-product","3":"status-publish","4":"has-post-thumbnail","6":"product_cat-restorant","7":"product_cat-te-tjera","8":"product_tag-lopate-picash","10":"first","11":"instock","12":"featured","13":"shipping-taxable","14":"product-type-simple"},"_links":{"self":[{"href":"https:\/\/hoteldistrib.al\/index.php?rest_route=\/wp\/v2\/product\/3335","targetHints":{"allow":["GET"]}}],"collection":[{"href":"https:\/\/hoteldistrib.al\/index.php?rest_route=\/wp\/v2\/product"}],"about":[{"href":"https:\/\/hoteldistrib.al\/index.php?rest_route=\/wp\/v2\/types\/product"}],"replies":[{"embeddable":true,"href":"https:\/\/hoteldistrib.al\/index.php?rest_route=%2Fwp%2Fv2%2Fcomments&post=3335"}],"wp:featuredmedia":[{"embeddable":true,"href":"https:\/\/hoteldistrib.al\/index.php?rest_route=\/wp\/v2\/media\/3336"}],"wp:attachment":[{"href":"https:\/\/hoteldistrib.al\/index.php?rest_route=%2Fwp%2Fv2%2Fmedia&parent=3335"}],"wp:term":[{"taxonomy":"product_brand","embeddable":true,"href":"https:\/\/hoteldistrib.al\/index.php?rest_route=%2Fwp%2Fv2%2Fproduct_brand&post=3335"},{"taxonomy":"product_cat","embeddable":true,"href":"https:\/\/hoteldistrib.al\/index.php?rest_route=%2Fwp%2Fv2%2Fproduct_cat&post=3335"},{"taxonomy":"product_tag","embeddable":true,"href":"https:\/\/hoteldistrib.al\/index.php?rest_route=%2Fwp%2Fv2%2Fproduct_tag&post=3335"}],"curies":[{"name":"wp","href":"https:\/\/api.w.org\/{rel}","templated":true}]}}