{"id":3341,"date":"2025-01-08T20:28:07","date_gmt":"2025-01-08T20:28:07","guid":{"rendered":"https:\/\/hoteldistrib.al\/?post_type=product&#038;p=3341"},"modified":"2025-01-08T20:28:08","modified_gmt":"2025-01-08T20:28:08","slug":"shaker-inox","status":"publish","type":"product","link":"https:\/\/hoteldistrib.al\/?product=shaker-inox","title":{"rendered":"Shaker inox"},"content":{"rendered":"<p>Pajisje profesionale prej inoksi p\u00ebr p\u00ebrgatitjen e koktejve me leht\u00ebsi dhe precizion.<\/p>\n","protected":false},"excerpt":{"rendered":"<p>Pajisje profesionale prej inoksi p\u00ebr p\u00ebrgatitjen e koktejve me leht\u00ebsi dhe precizion.<\/p>\n","protected":false},"featured_media":3342,"comment_status":"open","ping_status":"closed","template":"","meta":[],"product_brand":[],"product_cat":[129,139],"product_tag":[140,141],"class_list":{"0":"post-3341","1":"product","2":"type-product","3":"status-publish","4":"has-post-thumbnail","6":"product_cat-bare","7":"product_cat-shaker","8":"product_tag-pajisje-profesionale-prej-inoksi-per-pergatitjen-e-koktejve-me-lehtesi-dhe-precizion","9":"product_tag-shaker-inox","11":"first","12":"instock","13":"shipping-taxable","14":"product-type-simple"},"_links":{"self":[{"href":"https:\/\/hoteldistrib.al\/index.php?rest_route=\/wp\/v2\/product\/3341","targetHints":{"allow":["GET"]}}],"collection":[{"href":"https:\/\/hoteldistrib.al\/index.php?rest_route=\/wp\/v2\/product"}],"about":[{"href":"https:\/\/hoteldistrib.al\/index.php?rest_route=\/wp\/v2\/types\/product"}],"replies":[{"embeddable":true,"href":"https:\/\/hoteldistrib.al\/index.php?rest_route=%2Fwp%2Fv2%2Fcomments&post=3341"}],"wp:featuredmedia":[{"embeddable":true,"href":"https:\/\/hoteldistrib.al\/index.php?rest_route=\/wp\/v2\/media\/3342"}],"wp:attachment":[{"href":"https:\/\/hoteldistrib.al\/index.php?rest_route=%2Fwp%2Fv2%2Fmedia&parent=3341"}],"wp:term":[{"taxonomy":"product_brand","embeddable":true,"href":"https:\/\/hoteldistrib.al\/index.php?rest_route=%2Fwp%2Fv2%2Fproduct_brand&post=3341"},{"taxonomy":"product_cat","embeddable":true,"href":"https:\/\/hoteldistrib.al\/index.php?rest_route=%2Fwp%2Fv2%2Fproduct_cat&post=3341"},{"taxonomy":"product_tag","embeddable":true,"href":"https:\/\/hoteldistrib.al\/index.php?rest_route=%2Fwp%2Fv2%2Fproduct_tag&post=3341"}],"curies":[{"name":"wp","href":"https:\/\/api.w.org\/{rel}","templated":true}]}}