{"id":3343,"date":"2025-01-08T20:30:11","date_gmt":"2025-01-08T20:30:11","guid":{"rendered":"https:\/\/hoteldistrib.al\/?post_type=product&#038;p=3343"},"modified":"2025-01-08T20:30:11","modified_gmt":"2025-01-08T20:30:11","slug":"shampaniere","status":"publish","type":"product","link":"https:\/\/hoteldistrib.al\/?product=shampaniere","title":{"rendered":"Shampaniere"},"content":{"rendered":"<p>Shampaniere moderne p\u00ebr ruajtjen e shampanj\u00ebs n\u00eb temperatur\u00ebn ideale, e p\u00ebrshtatshme p\u00ebr evente dhe festa.<\/p>\n","protected":false},"excerpt":{"rendered":"<p>Shampaniere moderne p\u00ebr ruajtjen e shampanj\u00ebs n\u00eb temperatur\u00ebn ideale, e p\u00ebrshtatshme p\u00ebr evente dhe festa.<\/p>\n","protected":false},"featured_media":3344,"comment_status":"open","ping_status":"closed","template":"","meta":[],"product_brand":[],"product_cat":[129,142],"product_tag":[143],"class_list":{"0":"post-3343","1":"product","2":"type-product","3":"status-publish","4":"has-post-thumbnail","6":"product_cat-bare","7":"product_cat-shampaniere","8":"product_tag-shampaniere","10":"first","11":"instock","12":"shipping-taxable","13":"product-type-simple"},"_links":{"self":[{"href":"https:\/\/hoteldistrib.al\/index.php?rest_route=\/wp\/v2\/product\/3343","targetHints":{"allow":["GET"]}}],"collection":[{"href":"https:\/\/hoteldistrib.al\/index.php?rest_route=\/wp\/v2\/product"}],"about":[{"href":"https:\/\/hoteldistrib.al\/index.php?rest_route=\/wp\/v2\/types\/product"}],"replies":[{"embeddable":true,"href":"https:\/\/hoteldistrib.al\/index.php?rest_route=%2Fwp%2Fv2%2Fcomments&post=3343"}],"wp:featuredmedia":[{"embeddable":true,"href":"https:\/\/hoteldistrib.al\/index.php?rest_route=\/wp\/v2\/media\/3344"}],"wp:attachment":[{"href":"https:\/\/hoteldistrib.al\/index.php?rest_route=%2Fwp%2Fv2%2Fmedia&parent=3343"}],"wp:term":[{"taxonomy":"product_brand","embeddable":true,"href":"https:\/\/hoteldistrib.al\/index.php?rest_route=%2Fwp%2Fv2%2Fproduct_brand&post=3343"},{"taxonomy":"product_cat","embeddable":true,"href":"https:\/\/hoteldistrib.al\/index.php?rest_route=%2Fwp%2Fv2%2Fproduct_cat&post=3343"},{"taxonomy":"product_tag","embeddable":true,"href":"https:\/\/hoteldistrib.al\/index.php?rest_route=%2Fwp%2Fv2%2Fproduct_tag&post=3343"}],"curies":[{"name":"wp","href":"https:\/\/api.w.org\/{rel}","templated":true}]}}