{"id":3345,"date":"2025-01-08T20:31:21","date_gmt":"2025-01-08T20:31:21","guid":{"rendered":"https:\/\/hoteldistrib.al\/?post_type=product&#038;p=3345"},"modified":"2025-01-08T20:31:22","modified_gmt":"2025-01-08T20:31:22","slug":"lopat-akulli","status":"publish","type":"product","link":"https:\/\/hoteldistrib.al\/?product=lopat-akulli","title":{"rendered":"Lopat akulli"},"content":{"rendered":"<p>Pajisje praktike p\u00ebr servirjen e akullit n\u00eb pije, me material higjienik dhe t\u00eb q\u00ebndruesh\u00ebm.<\/p>\n","protected":false},"excerpt":{"rendered":"<p>Pajisje praktike p\u00ebr servirjen e akullit n\u00eb pije, me material higjienik dhe t\u00eb q\u00ebndruesh\u00ebm.<\/p>\n","protected":false},"featured_media":3346,"comment_status":"open","ping_status":"closed","template":"","meta":[],"product_brand":[],"product_cat":[129,144],"product_tag":[145],"class_list":{"0":"post-3345","1":"product","2":"type-product","3":"status-publish","4":"has-post-thumbnail","6":"product_cat-bare","7":"product_cat-lopat-akulli","8":"product_tag-lopat-akulli","10":"first","11":"instock","12":"shipping-taxable","13":"product-type-simple"},"_links":{"self":[{"href":"https:\/\/hoteldistrib.al\/index.php?rest_route=\/wp\/v2\/product\/3345","targetHints":{"allow":["GET"]}}],"collection":[{"href":"https:\/\/hoteldistrib.al\/index.php?rest_route=\/wp\/v2\/product"}],"about":[{"href":"https:\/\/hoteldistrib.al\/index.php?rest_route=\/wp\/v2\/types\/product"}],"replies":[{"embeddable":true,"href":"https:\/\/hoteldistrib.al\/index.php?rest_route=%2Fwp%2Fv2%2Fcomments&post=3345"}],"wp:featuredmedia":[{"embeddable":true,"href":"https:\/\/hoteldistrib.al\/index.php?rest_route=\/wp\/v2\/media\/3346"}],"wp:attachment":[{"href":"https:\/\/hoteldistrib.al\/index.php?rest_route=%2Fwp%2Fv2%2Fmedia&parent=3345"}],"wp:term":[{"taxonomy":"product_brand","embeddable":true,"href":"https:\/\/hoteldistrib.al\/index.php?rest_route=%2Fwp%2Fv2%2Fproduct_brand&post=3345"},{"taxonomy":"product_cat","embeddable":true,"href":"https:\/\/hoteldistrib.al\/index.php?rest_route=%2Fwp%2Fv2%2Fproduct_cat&post=3345"},{"taxonomy":"product_tag","embeddable":true,"href":"https:\/\/hoteldistrib.al\/index.php?rest_route=%2Fwp%2Fv2%2Fproduct_tag&post=3345"}],"curies":[{"name":"wp","href":"https:\/\/api.w.org\/{rel}","templated":true}]}}