{"id":3349,"date":"2025-01-08T20:33:37","date_gmt":"2025-01-08T20:33:37","guid":{"rendered":"https:\/\/hoteldistrib.al\/?post_type=product&#038;p=3349"},"modified":"2025-01-08T20:33:38","modified_gmt":"2025-01-08T20:33:38","slug":"mase-per-pije","status":"publish","type":"product","link":"https:\/\/hoteldistrib.al\/?product=mase-per-pije","title":{"rendered":"Mas\u00eb p\u00ebr pije"},"content":{"rendered":"<p>Pajisje p\u00ebr matjen e sakt\u00eb t\u00eb p\u00ebrb\u00ebr\u00ebsve t\u00eb koktejve, e dizajnuar p\u00ebr p\u00ebrdorim profesional.<\/p>\n","protected":false},"excerpt":{"rendered":"<p>Pajisje p\u00ebr matjen e sakt\u00eb t\u00eb p\u00ebrb\u00ebr\u00ebsve t\u00eb koktejve, e dizajnuar p\u00ebr p\u00ebrdorim profesional.<\/p>\n","protected":false},"featured_media":3350,"comment_status":"open","ping_status":"closed","template":"","meta":[],"product_brand":[],"product_cat":[129],"product_tag":[149,150,148],"class_list":{"0":"post-3349","1":"product","2":"type-product","3":"status-publish","4":"has-post-thumbnail","6":"product_cat-bare","7":"product_tag-e-dizajnuar-per-perdorim-profesional","8":"product_tag-mase-per-pije","9":"product_tag-pajisje-per-matjen-e-sakte-te-perberesve-te-koktejve","11":"first","12":"instock","13":"shipping-taxable","14":"product-type-simple"},"_links":{"self":[{"href":"https:\/\/hoteldistrib.al\/index.php?rest_route=\/wp\/v2\/product\/3349","targetHints":{"allow":["GET"]}}],"collection":[{"href":"https:\/\/hoteldistrib.al\/index.php?rest_route=\/wp\/v2\/product"}],"about":[{"href":"https:\/\/hoteldistrib.al\/index.php?rest_route=\/wp\/v2\/types\/product"}],"replies":[{"embeddable":true,"href":"https:\/\/hoteldistrib.al\/index.php?rest_route=%2Fwp%2Fv2%2Fcomments&post=3349"}],"wp:featuredmedia":[{"embeddable":true,"href":"https:\/\/hoteldistrib.al\/index.php?rest_route=\/wp\/v2\/media\/3350"}],"wp:attachment":[{"href":"https:\/\/hoteldistrib.al\/index.php?rest_route=%2Fwp%2Fv2%2Fmedia&parent=3349"}],"wp:term":[{"taxonomy":"product_brand","embeddable":true,"href":"https:\/\/hoteldistrib.al\/index.php?rest_route=%2Fwp%2Fv2%2Fproduct_brand&post=3349"},{"taxonomy":"product_cat","embeddable":true,"href":"https:\/\/hoteldistrib.al\/index.php?rest_route=%2Fwp%2Fv2%2Fproduct_cat&post=3349"},{"taxonomy":"product_tag","embeddable":true,"href":"https:\/\/hoteldistrib.al\/index.php?rest_route=%2Fwp%2Fv2%2Fproduct_tag&post=3349"}],"curies":[{"name":"wp","href":"https:\/\/api.w.org\/{rel}","templated":true}]}}