{"id":3353,"date":"2025-01-08T20:36:21","date_gmt":"2025-01-08T20:36:21","guid":{"rendered":"https:\/\/hoteldistrib.al\/?post_type=product&#038;p=3353"},"modified":"2025-01-08T20:36:21","modified_gmt":"2025-01-08T20:36:21","slug":"site-koktelesh","status":"publish","type":"product","link":"https:\/\/hoteldistrib.al\/?product=site-koktelesh","title":{"rendered":"Site koktelesh"},"content":{"rendered":"<p>Site e specializuar p\u00ebr filtrimin e koktejve, duke siguruar nj\u00eb pije t\u00eb past\u00ebr dhe t\u00eb shijshme.<\/p>\n","protected":false},"excerpt":{"rendered":"<p>Site e specializuar p\u00ebr filtrimin e koktejve, duke siguruar nj\u00eb pije t\u00eb past\u00ebr dhe t\u00eb shijshme.<\/p>\n","protected":false},"featured_media":3354,"comment_status":"open","ping_status":"closed","template":"","meta":[],"product_brand":[],"product_cat":[129],"product_tag":[153],"class_list":{"0":"post-3353","1":"product","2":"type-product","3":"status-publish","4":"has-post-thumbnail","6":"product_cat-bare","7":"product_tag-site-koktelesh","9":"first","10":"instock","11":"shipping-taxable","12":"product-type-simple"},"_links":{"self":[{"href":"https:\/\/hoteldistrib.al\/index.php?rest_route=\/wp\/v2\/product\/3353","targetHints":{"allow":["GET"]}}],"collection":[{"href":"https:\/\/hoteldistrib.al\/index.php?rest_route=\/wp\/v2\/product"}],"about":[{"href":"https:\/\/hoteldistrib.al\/index.php?rest_route=\/wp\/v2\/types\/product"}],"replies":[{"embeddable":true,"href":"https:\/\/hoteldistrib.al\/index.php?rest_route=%2Fwp%2Fv2%2Fcomments&post=3353"}],"wp:featuredmedia":[{"embeddable":true,"href":"https:\/\/hoteldistrib.al\/index.php?rest_route=\/wp\/v2\/media\/3354"}],"wp:attachment":[{"href":"https:\/\/hoteldistrib.al\/index.php?rest_route=%2Fwp%2Fv2%2Fmedia&parent=3353"}],"wp:term":[{"taxonomy":"product_brand","embeddable":true,"href":"https:\/\/hoteldistrib.al\/index.php?rest_route=%2Fwp%2Fv2%2Fproduct_brand&post=3353"},{"taxonomy":"product_cat","embeddable":true,"href":"https:\/\/hoteldistrib.al\/index.php?rest_route=%2Fwp%2Fv2%2Fproduct_cat&post=3353"},{"taxonomy":"product_tag","embeddable":true,"href":"https:\/\/hoteldistrib.al\/index.php?rest_route=%2Fwp%2Fv2%2Fproduct_tag&post=3353"}],"curies":[{"name":"wp","href":"https:\/\/api.w.org\/{rel}","templated":true}]}}